{"id":35,"date":"2016-09-24T18:02:00","date_gmt":"2016-09-24T16:02:00","guid":{"rendered":"http:\/\/www.akupunktura-online.cz\/?page_id=35"},"modified":"2025-10-19T12:47:25","modified_gmt":"2025-10-19T10:47:25","slug":"face-lift-pomoci-akupunktury","status":"publish","type":"page","link":"https:\/\/www.akupunktura-online.cz\/?page_id=35","title":{"rendered":"FACE \u2013 LIFT pomoc\u00ed AKUPUNKTURY"},"content":{"rendered":"<p>Hitem posledn\u00edch let se stal facelifting pomoc\u00ed akupunktury. Pou\u017e\u00edv\u00e1 se jako alternativa m\u00edsto aplikace botulotoxinu nebo v\u00fdpln\u011b; p\u0159\u00edpadn\u011b jeden m\u011bs\u00edc po aplikaci botulotoxinu k\u00a0vypnut\u00ed drobn\u00fdch vr\u00e1sek.<\/p>\n<ul>\n<li>zlep\u0161uje prokrven\u00ed k\u016f\u017ee a podko\u017e\u00ed<\/li>\n<li>stimuluje metabolizmus bun\u011bk<\/li>\n<li>pom\u00e1h\u00e1 k\u00a0vyhlazen\u00ed vr\u00e1sek a rozjasn\u011bn\u00ed poko\u017eky<\/li>\n<li>m\u00e1 minim\u00e1ln\u00ed rizika<\/li>\n<\/ul>\n<p>Pro po\u017eadovan\u00fd efekt je pot\u0159eba se objednat na 8 sezen\u00ed. S terapeutem se uvid\u00edte 2x v t\u00fddnu po dobu 4 t\u00fddn\u016f, celkem tedy 8 sezen\u00ed. Tuto metodu je dobr\u00e9 jednou za p\u016fl roku opakovat. Z\u00e1le\u017e\u00ed v\u0161ak na typu pleti a rozsahu vr\u00e1sek.<\/p>\n<p style=\"text-align: left;\">Cena:<br \/>&#8211; vstupn\u00ed prohl\u00eddka, vy\u0161et\u0159en\u00ed a prvn\u00ed akupunktura\u00a0 \u00a0 \u00a01.500,- K\u010d<br \/>&#8211; n\u00e1sledn\u00e1 p\u00e9\u010de\u00a0 \u00a0 \u00a0 \u00a0 \u00a0 \u00a0 \u00a0 \u00a0 \u00a0 \u00a0 \u00a0 \u00a0 \u00a0 \u00a0 \u00a0 \u00a0 \u00a0 \u00a0 \u00a0 \u00a0 \u00a0 \u00a0 \u00a0 \u00a0 \u00a0 \u00a0 \u00a0 \u00a0 \u00a0 \u00a01.000,- K\u010d<\/p>\n\n\n<p><\/p>\n","protected":false},"excerpt":{"rendered":"<p>Hitem posledn\u00edch let se stal facelifting pomoc\u00ed akupunktury. Pou\u017e\u00edv\u00e1 se jako alternativa m\u00edsto aplikace botulotoxinu nebo v\u00fdpln\u011b; p\u0159\u00edpadn\u011b jeden m\u011bs\u00edc po aplikaci botulotoxinu k\u00a0vypnut\u00ed drobn\u00fdch vr\u00e1sek. zlep\u0161uje prokrven\u00ed k\u016f\u017ee a podko\u017e\u00ed stimuluje metabolizmus bun\u011bk pom\u00e1h\u00e1 k\u00a0vyhlazen\u00ed vr\u00e1sek a rozjasn\u011bn\u00ed poko\u017eky m\u00e1 minim\u00e1ln\u00ed rizika Pro po\u017eadovan\u00fd efekt je pot\u0159eba se objednat na 8 sezen\u00ed. S terapeutem &hellip; <a href=\"https:\/\/www.akupunktura-online.cz\/?page_id=35\" class=\"more-link\">Pokra\u010dov\u00e1n\u00ed textu <span class=\"screen-reader-text\">FACE \u2013 LIFT pomoc\u00ed AKUPUNKTURY<\/span> <span class=\"meta-nav\">&rarr;<\/span><\/a><\/p>\n","protected":false},"author":1,"featured_media":0,"parent":0,"menu_order":4,"comment_status":"closed","ping_status":"closed","template":"","meta":{"footnotes":""},"class_list":["post-35","page","type-page","status-publish","hentry"],"_links":{"self":[{"href":"https:\/\/www.akupunktura-online.cz\/index.php?rest_route=\/wp\/v2\/pages\/35","targetHints":{"allow":["GET"]}}],"collection":[{"href":"https:\/\/www.akupunktura-online.cz\/index.php?rest_route=\/wp\/v2\/pages"}],"about":[{"href":"https:\/\/www.akupunktura-online.cz\/index.php?rest_route=\/wp\/v2\/types\/page"}],"author":[{"embeddable":true,"href":"https:\/\/www.akupunktura-online.cz\/index.php?rest_route=\/wp\/v2\/users\/1"}],"replies":[{"embeddable":true,"href":"https:\/\/www.akupunktura-online.cz\/index.php?rest_route=%2Fwp%2Fv2%2Fcomments&post=35"}],"version-history":[{"count":6,"href":"https:\/\/www.akupunktura-online.cz\/index.php?rest_route=\/wp\/v2\/pages\/35\/revisions"}],"predecessor-version":[{"id":146,"href":"https:\/\/www.akupunktura-online.cz\/index.php?rest_route=\/wp\/v2\/pages\/35\/revisions\/146"}],"wp:attachment":[{"href":"https:\/\/www.akupunktura-online.cz\/index.php?rest_route=%2Fwp%2Fv2%2Fmedia&parent=35"}],"curies":[{"name":"wp","href":"https:\/\/api.w.org\/{rel}","templated":true}]}}