{"id":65,"date":"2021-12-06T11:04:26","date_gmt":"2021-12-06T10:04:26","guid":{"rendered":"https:\/\/www.akupunktura-online.cz\/?page_id=65"},"modified":"2021-12-06T16:22:34","modified_gmt":"2021-12-06T15:22:34","slug":"o-mne","status":"publish","type":"page","link":"https:\/\/www.akupunktura-online.cz\/?page_id=65","title":{"rendered":"O mn\u011b"},"content":{"rendered":"\n<p>Vystudovala jsem Univerzitu tradi\u010dn\u00ed \u010d\u00ednsk\u00e9 medic\u00edny GUANGMING ve spolupr\u00e1ci s \u010ceskoslovenskou SinoBiologickou spole\u010dnost\u00ed, obor akupunktura a \u010d\u00ednsk\u00e9 mas\u00e1\u017ee. S \u010ceskoslovenskou SinoBiologickou spole\u010dnost\u00ed nad\u00e1le spolupracuji.<\/p>\n\n\n\n<p>Nej\u010dast\u011bji ke mn\u011b chod\u00ed klienti s neplodnost\u00ed, tr\u00e1vic\u00edmi pot\u00ed\u017eemi, migr\u00e9nami a p\u0159i pot\u00ed\u017e\u00edch s pohybov\u00fdm apar\u00e1tem.<\/p>\n\n\n\n<p>P\u0159i pot\u00ed\u017e\u00edch s pohybov\u00fdm apar\u00e1tem kombinuji mas\u00e1\u017en\u00ed techniky a ba\u0148kov\u00e1n\u00ed (bolesti zad, ramenn\u00edch a kolenn\u00edch kloub\u016f, kr\u010dn\u00ed p\u00e1te\u0159e). <\/p>\n\n\n\n<p>Prov\u00e1d\u00edm manu\u00e1ln\u00ed lymfatick\u00e9 dren\u00e1\u017ee, sportovn\u00ed a rekondi\u010dn\u00ed mas\u00e1\u017ee. Soust\u0159e\u010fuji se p\u0159edev\u0161\u00edm na pr\u00e1ci s akupunkturn\u00edmi drahami a navr\u00e1cen\u00ed klientova t\u011bla zp\u011bt do rovnov\u00e1hy.<\/p>\n\n\n\n<p>Nab\u00edz\u00edm d\u00e1le FACE-LIFT pomoc\u00ed akupunktury, poradenstv\u00ed p\u0159i vyu\u017eit\u00ed \u010d\u00ednsk\u00e9 bylinn\u00e9 terapie a stravov\u00e1n\u00ed dle princip\u016f \u010d\u00ednsk\u00e9 medic\u00edny.<\/p>\n\n\n\n<p>Na Va\u0161\u00ed n\u00e1v\u0161t\u011bvu se t\u011b\u0161\u00ed Martina Junkov\u00e1<\/p>\n","protected":false},"excerpt":{"rendered":"<p>Vystudovala jsem Univerzitu tradi\u010dn\u00ed \u010d\u00ednsk\u00e9 medic\u00edny GUANGMING ve spolupr\u00e1ci s \u010ceskoslovenskou SinoBiologickou spole\u010dnost\u00ed, obor akupunktura a \u010d\u00ednsk\u00e9 mas\u00e1\u017ee. S \u010ceskoslovenskou SinoBiologickou spole\u010dnost\u00ed nad\u00e1le spolupracuji. Nej\u010dast\u011bji ke mn\u011b chod\u00ed klienti s neplodnost\u00ed, tr\u00e1vic\u00edmi pot\u00ed\u017eemi, migr\u00e9nami a p\u0159i pot\u00ed\u017e\u00edch s pohybov\u00fdm apar\u00e1tem. P\u0159i pot\u00ed\u017e\u00edch s pohybov\u00fdm apar\u00e1tem kombinuji mas\u00e1\u017en\u00ed techniky a ba\u0148kov\u00e1n\u00ed (bolesti zad, ramenn\u00edch a kolenn\u00edch &hellip; <a href=\"https:\/\/www.akupunktura-online.cz\/?page_id=65\" class=\"more-link\">Pokra\u010dov\u00e1n\u00ed textu <span class=\"screen-reader-text\">O mn\u011b<\/span> <span class=\"meta-nav\">&rarr;<\/span><\/a><\/p>\n","protected":false},"author":1,"featured_media":0,"parent":0,"menu_order":1,"comment_status":"closed","ping_status":"closed","template":"","meta":{"footnotes":""},"class_list":["post-65","page","type-page","status-publish","hentry"],"_links":{"self":[{"href":"https:\/\/www.akupunktura-online.cz\/index.php?rest_route=\/wp\/v2\/pages\/65","targetHints":{"allow":["GET"]}}],"collection":[{"href":"https:\/\/www.akupunktura-online.cz\/index.php?rest_route=\/wp\/v2\/pages"}],"about":[{"href":"https:\/\/www.akupunktura-online.cz\/index.php?rest_route=\/wp\/v2\/types\/page"}],"author":[{"embeddable":true,"href":"https:\/\/www.akupunktura-online.cz\/index.php?rest_route=\/wp\/v2\/users\/1"}],"replies":[{"embeddable":true,"href":"https:\/\/www.akupunktura-online.cz\/index.php?rest_route=%2Fwp%2Fv2%2Fcomments&post=65"}],"version-history":[{"count":3,"href":"https:\/\/www.akupunktura-online.cz\/index.php?rest_route=\/wp\/v2\/pages\/65\/revisions"}],"predecessor-version":[{"id":122,"href":"https:\/\/www.akupunktura-online.cz\/index.php?rest_route=\/wp\/v2\/pages\/65\/revisions\/122"}],"wp:attachment":[{"href":"https:\/\/www.akupunktura-online.cz\/index.php?rest_route=%2Fwp%2Fv2%2Fmedia&parent=65"}],"curies":[{"name":"wp","href":"https:\/\/api.w.org\/{rel}","templated":true}]}}